{"id":166,"date":"2011-02-01T08:54:45","date_gmt":"2011-02-01T08:54:45","guid":{"rendered":"http:\/\/www.asc-cybernetics.org\/CofC\/?page_id=166"},"modified":"2011-04-07T08:44:17","modified_gmt":"2011-04-07T08:44:17","slug":"r1b1s-entry","status":"publish","type":"page","link":"https:\/\/www.asc-cybernetics.org\/CofC\/?page_id=166","title":{"rendered":"R1B1&#8217;s Entry"},"content":{"rendered":"<p><strong>The &#8220;True Pilot&#8221; of Metacybernetics<\/strong><\/p>\n<p>Submitted to the attention of the American Society for Cybernetics (ASC), its Executive Board, and the \u201cCybernetics of Cybernetics Competition\u201d in January, 2011:<\/p>\n<p>THE \u201cTRUE PILOT\u201d OF METACYBERNETICS<\/p>\n<p>by R1B1<br \/>\ninteractivation@gmail.com<\/p>\n<p>Introduction<\/p>\n<p>Cyberneticians still uphold Cybernetics\u2019 basis in governing, steering, and navigating.  In contemporary popular parlance, \u201ccyber\u201d has become detached from its underpinnings in the philosophy of justice in the human soul.  Instead, \u201ccyber\u201d has become associated with \u201ctechnology\u201d; in turn, associated with human-made and designed objects with \u201cpractical\u201d purposes beyond mere aesthetics.  The word \u201cart\u201d, once synonymous with \u201cskills\u201d, has become associated with aesthetic objects.  This paper analyzes \u201can art of navigation\u201d through Greek history and Plato\u2019s \u201cShip of State\u201d philosophy; applies these fundamentals to First and Second-Order Cybernetics, and the American Society for Cybernetics (ASC).<\/p>\n<p>In the ASC\u2019s \u201cA Timeline for the Evolution of Cybernetics\u201d, the 5th Century BCE included; \u201cThe term kybernetike employed for the first (recorded) time.  In The Republic, Plato invokes the word to connote &#8216;an art of navigation&#8217; in the course of comparing steering a ship with steering (i.e., governing) a community\u201d(Timeline).  A more complete translation of \u2018an art of navigation\u2019 might be kybernetike tekhne (Johnson).  Another Greek word contemporary to Plato, techne, roughly meant a learnable skill or craft, and probably what Plato would have considered \u2018an art\u2019.  Rowing, steering, navigating, and even fighting, were considered among the most highly prized skills in ancient Athens, which can all be informed by such subjective notions as individual experience.  Art has since become a more abstract concept, as aesthetics, archetypal forms, experience, creator and observer psychologies have come to be appreciated more.  Kybernetike eventually influenced the words \u201cgovern\u201d, and the prefix \u201ccyber-\u201c; while techne became the basis of words like \u201ctechnique\u201d and \u201ctechnology\u201d.<\/p>\n<p>In 1987, ASC President, Laurence Richards, Ph.D., \u201cdeveloped a list of definitions\/descriptions that have been added to and distributed at ASC conferences\u201d.  Many of these relate Cybernetics to Ancient Greek seafaring and philosophy.  Dr. Richards intended \u201cto demonstrate that one of the distinguishing features of cybernetics might be that it could legitimately have multiple definitions without contradicting itself\u201d (Richards).  This document is divided into sections relating cybernetics back to Plato\u2019s metaphors and model of a ship.  Sections open with relevant definitions of cybernetics from Dr. Richards\u2019 list, and the ASC\u2019s Timeline quotation above, in \u201cSetting the Stage for the Coalescence of Cybernetics\u201d.  I conclude with specific implementations of my analysis to the ASC itself, and their relevance to this paper.<\/p>\n<p>Captain<br \/>\n\u201cCybernetica: &#8211; &#8220;the art of how to govern a nation&#8221; -B. Trentowski:<\/p>\n<p>Combining speed with maneuverability, trireme boats dominated the Mediterranean from about 300 years before Plato.  Plato\u2019s reference model of a ship was most likely a trireme, so it is helpful to understand some of its historical posts and their roles.  Military triremes were commissioned and owned by Athens, and literally ships of [the] state.<\/p>\n<p>A trireme\u2019s official captain was its tri\u0113rarchos, or trierarch.  By Athenian law, a responsibility of its wealthiest citizens was mandatory financial patronage; \u201cthe most socially and politically important, of all\u201d, fell to the trierarchs of Athens\u2019 fleet of triremes.  While prestigious, a temporary trierarch was figuratively and literally charged with the duty and costs of staffing, outfitting, and maintaining a trireme (Avlonas).  Speculating what a trierarch might have done with that prestige, however, is beyond the focus of this document.<\/p>\n<p>This historical context could easily explain the way Plato introduced his allegory of a ship.  In this dialogue, Plato speaks through the character of \u201cSocrates\u201d, in dialogue with the character of \u201cAdeimantus\u201d.  \u201cSocrates\u201d asks \u201cAdeimantus\u201d to \u201cImagine then a fleet or a ship in which there is a captain who is taller and stronger than any of the crew\u201d (Plato).  An official trireme captain would have been recognized as an important patron for his wealth.  Therefore, even Plato\u2019s inclusion of his physical stature supports the allegory.<\/p>\n<p>Plato\u2019s continued description of the captain continues: \u201cbut he is a little deaf and has a similar infirmity in sight, and his knowledge of navigation is not much better\u201d.  Today, The Foundation for the Promotion of the Art of Navigation is dedicated to the \u201cpreservation of the Art of Celestial Navigation and related skills\u2026 essential to the seaman, even in this age of electronics\u201d (Navigation).  Indeed, even trierachs rarely possessed such skills.<\/p>\n<p>The fundamental issues that gave rise to this Athenian tradition of patronage, are the philosophical motivations behind Plato\u2019s use of this allegory in the first place.  Plato\u2019s Socratic dialogue is presented through a series of questions, examples, and feedback between his characters.  We are observers of this feedback, like observers in Second-Order Cybernetics.  Rather than affecting history, Plato charges us with affecting the future; through upholding and perpetuating the philosophy and justice inherent to cybernetics\u2019 implications.<\/p>\n<p>\u2003<br \/>\nCommander<br \/>\n\u201cNarrowly defined it is but the art of the helmsman\u201d -W. McCulloch<\/p>\n<p>Plato\u2019s larger questions regarding the source of the thrust of such patrons\u2019 responsibilities might include; \u201cwhat constitutes a \u2018just\u2019 law\u201d; \u201cwho is qualified to answer such a question\u201d; \u201chow did such customs and laws arise\u201d; \u201chow were they practically interpreted and enforced\u201d; and \u201cwhat were the politics of doing so\u201d.  The focus of this paper is limited to the philosophical issues raised in Plato\u2019s allegory, as they relate to cybernetics and the ASC only, but I recommend \u201cAthenian Naval Finance in the Classical Period.&#8221; by Rosemary Peck for more historical details.<\/p>\n<p>It remains in the best interest of anyone responsible for maintaining any vessel, and whose goods are in their care, to have a commander on-board who could shepherd its valuable assets and skilled personnel securely.  \u201cThe deck and command crew (hyp\u0113resia) was headed by the helmsman, the kybern\u0113t\u0113s, who was always an experienced seaman and often the actual commander of the vessel\u201d(Parker) \u201cand was in part financially responsible to the Athenian State for the condition of the vessel\u201d(Colburn).  He was chosen for his skills and experience on the seas; not in politics.  Plato sharpens this point by extending his metaphors; nominating philosophers as leaders of ships-of-state, states, cities, and oneself.  This strategy of nominating leaders with skills and experience over political aspirations is also relevant to any society of cybernetics.  Dr. Timothy Leary said: \u201cThe Cyber Society is a society obviously made up of individuals who think for themselves, linked up with other individuals who think for themselves.\u201d(Leary)<\/p>\n<p>Rowers<\/p>\n<p>When accuracy was required, as in battle, triremes were propelled by up to 170 rowers; each controlling a single oar.  A trireme\u2019s sails were only hoisted when coarse maneuverability was acceptable, since winds were less predictable than a skilled rowing team.  Its heavy main mast and sail was left ashore during battle.  This improved speed by reducing weight and improved maneuverability by improving stability.  The small sail could be hoisted for retreat, when the urgency of evasion was a priority.  Skilled, paid citizens were preferred as rowers over slaves, who had less motivation to risk their lives for Athens.<\/p>\n<p>In effect augmenting the kybernetes; the keleustes listened for orders and \u201cdirected the rate and timing of the oars.  The cadence was maintained by the trieraules with flute\u201c(Colburn).  In this way, the keleustes could be field reprogrammed by his kybernetes to interface with his staff to synchronize the rowers.<\/p>\n<p>Systems for maintaining that speed and synchronization made the keleustes and his team some of the first governors; enabling the kybernetes to briefly command, and then focus on navigation and the helm.  Both political and mechanical governors are related in the fact that they each work, through feedback, to maintain a system state that has been designed or set by an observer.  Second-Order Cybernetics looks beyond the system and the state it tries to maintain; identifying the observer of the system and acknowledging its affects and their effects.<\/p>\n<p>Navigator<br \/>\n\u2018an art of navigation\u2019 &#8211; Plato, via ASC<\/p>\n<p>Recall the job of a trierarch was likely thrust upon him by Athenian law.  For such a law to be just, rather than simply practical, Plato would have pondered the kind of knowledge required by what Andre Marie Ampere may have meant by; &#8220;Cybernetique= the art of governing or the science of government&#8221;.  \u201cMartin Heidegger\u2019s \u2018The Question Concerning Technology\u2019 proposes, through the etymology of techne and its connection to poesis or creative making, the definition of techne as both art and science, as two forms of knowledge.\u201d(McCarren)  Humberto Maturana proposed the phrase &#8220;\u2018The Art and Science of Human Understanding\u2019 for cybernetics. Why? The person that guides the ship, the skipper, acts both on practical know-how and intuition. Thus, the skipper acts both as a scientist and as an artist.\u201d(Richards)  Here, the etymology of art-as-techne could accredit this \u201cpractical know-how\u201d to the mind of the \u201cartist\u201d.  This intuition could be accredited more into the mind of the philosopher\/social-scientist, than the natural-philosopher, who we would call a scientist today. <\/p>\n<p>The Republic also presents wider dialogue about the prerequisites for the legislation of just laws; living a just life, regardless of the enforcement of such laws; and what type of citizen and corresponding aspect of an individual\u2019s soul is qualified to make such decisions.  Plato intended his model of a ship to represent multiple scales of a state, a city, and human.  English translations of Plato call such properly qualified a citizen a \u201cphilosopher\u201d or \u201cGuardian\u201d; representing the \u201cRational\u201d aspect of the tripartite soul.  He considers the soldier, or \u201cAuxiliary\u201d class the enforcers of such laws, and the \u201cSpirited\u201d aspect of souls.  Finally, the artisans, craftspeople, or skilled tradespersons, or what we might call \u201ctechnicians\u201d today, were the citizen \u201cWorkers\u201d or \u201cMerchants\u201d; representing the \u201cAppetitive\u201d soul aspect in Plato\u2019s fractal allegories.(Plato\u2019s)<\/p>\n<p>Since these citizen and soul aspects were archetypes inherent to all humans, including \u201cWorkers\u201d and their techne, it should be no surprise that every position on a trireme ship seems to come aboard with skills of some kind.  A Guardian should be guided by what Plato called \u201cThe Form of The Good\u201d.  In the scope of this document, it will suffice to explain that, despite its association with the nominal \u201cRational\u201d aspect of the tripartite soul, his \u2018art of navigation\u2019 requires experience and even intuition or wisdom that exceeds mere teachable skill.<\/p>\n<p>Steersman<br \/>\n\u201cthe art of steersmanship\u201d -W.R. Ashby<\/p>\n<p>Above the deck and with a different art and purpose, Steersmen on Greek triremes also utilized oars.  \u201cUnder way, the kybernetes took the captain\u2019s traditional station on the poop.  In emergencies he might handle the tiller himself, but normally he used quartermasters\u201d(Casson); who were promoted rowers.  A bow officer and watchman, was called a prorates.  In \u201cCybernetics &#8212; Rowing In The Athenian Navy\u201d, Rob Colburn says the prorates \u201calso handled the steering oars under the kybernetes&#8217; direction.  Linguistically, the term prorates suggests that the bow oars &#8212; which were probably longer than the others &#8212; may have also had a role in maneuvering the ship.\u201d  He continues; \u201cafter learning the technical aspects of celestial navigation and ship handling, the prorates moved up to become a kybernetes\u201d; drawing upon his skills and experience from rowing, steering, and observing as a watchman (Colburn).<\/p>\n<p>Let us now return to Plato\u2019s ship allegory.  The captain sounds like a typical trierarchos, who moreover owes his power to his state-mandated responsibility for hiring and placing crewmembers, than from any \u201cknowledge of navigation\u201d.  Due to his \u201cinfirmity in sight\u201d, he probably would not have been promoted to bow watchman, from where he could then learn about \u201cthe technical aspects of celestial navigation and ship handling\u201d.  Although the professional soldiers carried by a trireme held equal rank to the trierarchos, he must either be, or hire, an experienced kybernetes to take command of sailing it.  Otherwise, there will be mutiny; \u201cThe sailors are quarrelling with one another about the steering &#8211;every one is of opinion that he has a right to steer, though he has never learned the art of navigation\u2026They throng about the captain, begging and praying him to commit the helm to them\u201d.  \u201cHim who is their partisan and cleverly aids them in their plot for getting the ship out of the captain&#8217;s hands into their own\u2026 they compliment with the name of sailor, pilot, able seaman\u201d.(Plato)<\/p>\n<p>For reference, Boolean logic suggests this partisan to be a \u201cFalse Pilot\u201d, because Plato describes \u201cthe other sort of man, whom they call a good-for-nothing; but that the true pilot must pay attention to the year and seasons and sky and stars and winds, and whatever else belongs to his art\u201d.  \u201cSocrates\u201d asks: \u201chow will the true pilot be regarded? Will he not be called by them a prater, a star-gazer, a good-for-nothing?\u201d(Plato)  Such an observer, whether bow watchman, navigator, or another, in \u201can Art of Navigation\u201d, is essential for acknowledging and deciding feedback, in the relationship between steering and the environment.<\/p>\n<p>Application to ASC<br \/>\nFirst, I offer my sincere condolences on the passing of Barbara Dawes Vogl, the former editor of the ASC newsletter, Patterns.  Next, I would like to offer some positive feedback about this suspended publication\u2019s News feature; especially in the Spring\/Summer 2007 and Fall 2008 issues.  I humbly suggest that this feature\u2019s functions be revived online.  It filled an important communications role in informing its readers of the inner-workings of ASC\u2019s leadership, including information about Trustees and other nominations, and officer positions being considered, and modified.  Such feedback to members could be handled, at your discretionary designation, by such existing roles as Secretary, Vice President for Electronic Publications, Membership Committee Chairperson, or perhaps another committee.  Other valuable information that such online news would make easier to locate includes; the names, goals, and contacts of committees, and more explanation about the process of nominating society leaders.  Participation and chairing committees seems like informative participation for future ASC leaders.<\/p>\n<p>Conclusion<br \/>\nPlato reminds us that those most fit to lead justly, might be too modest or lack the information or resources to otherwise rise through the ranks and have their intuitions validated.  It can be a challenge for those both above, as well as below the \u201cdeck\u201d to identify the most promising among them, in order to encourage and understand the arts and skills required to steer and navigate the ASC.  The ASC leadership could reach out to offer such news.  The general membership would thus be encouraged that such arts and skills can be learned, and realize that those who are navigating are not simply stargazing.<\/p>\n<p>(Works Cited available upon request)<br \/>\n<br \/>Author is elegible for HvF Prize (aged under 35): <strong>YES<\/strong><\/p>\n<p><\/p>\n","protected":false},"excerpt":{"rendered":"<p>The &#8220;True Pilot&#8221; of Metacybernetics Submitted to the attention of the American Society for Cybernetics (ASC), its Executive Board, and the \u201cCybernetics of Cybernetics Competition\u201d in January, 2011: THE \u201cTRUE PILOT\u201d OF METACYBERNETICS by R1B1 interactivation@gmail.com Introduction Cyberneticians still uphold &hellip; <a href=\"https:\/\/www.asc-cybernetics.org\/CofC\/?page_id=166\">Continue reading <span class=\"meta-nav\">&rarr;<\/span><\/a><\/p>\n","protected":false},"author":1,"featured_media":0,"parent":0,"menu_order":0,"comment_status":"closed","ping_status":"open","template":"","meta":{"footnotes":""},"class_list":["post-166","page","type-page","status-publish","hentry"],"_links":{"self":[{"href":"https:\/\/www.asc-cybernetics.org\/CofC\/index.php?rest_route=\/wp\/v2\/pages\/166","targetHints":{"allow":["GET"]}}],"collection":[{"href":"https:\/\/www.asc-cybernetics.org\/CofC\/index.php?rest_route=\/wp\/v2\/pages"}],"about":[{"href":"https:\/\/www.asc-cybernetics.org\/CofC\/index.php?rest_route=\/wp\/v2\/types\/page"}],"author":[{"embeddable":true,"href":"https:\/\/www.asc-cybernetics.org\/CofC\/index.php?rest_route=\/wp\/v2\/users\/1"}],"replies":[{"embeddable":true,"href":"https:\/\/www.asc-cybernetics.org\/CofC\/index.php?rest_route=%2Fwp%2Fv2%2Fcomments&post=166"}],"version-history":[{"count":2,"href":"https:\/\/www.asc-cybernetics.org\/CofC\/index.php?rest_route=\/wp\/v2\/pages\/166\/revisions"}],"predecessor-version":[{"id":212,"href":"https:\/\/www.asc-cybernetics.org\/CofC\/index.php?rest_route=\/wp\/v2\/pages\/166\/revisions\/212"}],"wp:attachment":[{"href":"https:\/\/www.asc-cybernetics.org\/CofC\/index.php?rest_route=%2Fwp%2Fv2%2Fmedia&parent=166"}],"curies":[{"name":"wp","href":"https:\/\/api.w.org\/{rel}","templated":true}]}}